{"id":42,"date":"2026-03-12T14:47:27","date_gmt":"2026-03-12T14:47:27","guid":{"rendered":"https:\/\/dimzaro.click\/?page_id=42"},"modified":"2026-03-12T14:47:32","modified_gmt":"2026-03-12T14:47:32","slug":"politica-de-cookies","status":"publish","type":"page","link":"https:\/\/dimzaro.click\/?page_id=42","title":{"rendered":"Pol\u00edtica de Cookies"},"content":{"rendered":"\n<p><strong>Pol\u00edtica de Cookies de Dimzaro<\/strong><\/p>\n\n\n\n<p>En <code>dimzaro.click<\/code> utilizamos cookies para mejorar su experiencia de navegaci\u00f3n y ofrecerle un servicio m\u00e1s personalizado. De acuerdo con la normativa vigente en Espa\u00f1a, a continuaci\u00f3n le explicamos qu\u00e9 son las cookies, cu\u00e1les utilizamos y c\u00f3mo puede gestionarlas.<\/p>\n\n\n\n<p><strong>\u00bfQu\u00e9 son las cookies?<\/strong> Una cookie es un peque\u00f1o archivo de texto que se almacena en su navegador cuando visita casi cualquier p\u00e1gina web. Su utilidad es que la web sea capaz de recordar su visita cuando vuelva a navegar por esa p\u00e1gina, adaptando el contenido a sus preferencias y necesidades.<\/p>\n\n\n\n<p><strong>Tipos de cookies que utilizamos<\/strong><\/p>\n\n\n\n<ol start=\"1\" class=\"wp-block-list\">\n<li><strong>Cookies T\u00e9cnicas:<\/strong> Son estrictamente necesarias para el funcionamiento del sitio web. Permiten la navegaci\u00f3n y el uso de las diferentes opciones o servicios que en ella existen, como controlar el tr\u00e1fico y la comunicaci\u00f3n de datos o utilizar el formulario de contacto.<\/li>\n\n\n\n<li><strong>Cookies de An\u00e1lisis:<\/strong> Son aquellas que, tratadas por nosotros o por terceros (como Google Analytics), nos permiten cuantificar el n\u00famero de usuarios y realizar la medici\u00f3n y an\u00e1lisis estad\u00edstico de la utilizaci\u00f3n que hacen los usuarios de nuestro servicio. Para ello se analiza su navegaci\u00f3n en nuestra p\u00e1gina web con el fin de mejorar la oferta de servicios de paisajismo que le ofrecemos.<\/li>\n\n\n\n<li><strong>Cookies de Redes Sociales:<\/strong> Si interact\u00faa con los iconos de redes sociales en nuestro sitio, estas pueden almacenar cookies para facilitar la compartici\u00f3n de contenidos.<\/li>\n<\/ol>\n\n\n\n<p><strong>Cookies de terceros<\/strong> Este sitio web puede utilizar servicios de terceros (como Google Maps para nuestra ubicaci\u00f3n en Sant Mart\u00ed) que recopilan informaci\u00f3n con fines estad\u00edsticos y de prestaci\u00f3n de servicios relacionados con la actividad del sitio web.<\/p>\n\n\n\n<p><strong>C\u00f3mo desactivar las cookies<\/strong> Usted puede restringir, bloquear o borrar las cookies de este sitio web en cualquier momento modificando la configuraci\u00f3n de su navegador. Aunque la configuraci\u00f3n de cada navegador es diferente, lo m\u00e1s habitual es que las cookies se configuren en el men\u00fa de &#8216;Preferencias&#8217; o &#8216;Herramientas&#8217;.<\/p>\n\n\n\n<p>Si decide bloquear el uso de cookies, es posible que algunas funciones del sitio web no est\u00e9n disponibles o que su experiencia sea menos satisfactoria.<\/p>\n","protected":false},"excerpt":{"rendered":"<p>Pol\u00edtica de Cookies de Dimzaro En dimzaro.click utilizamos cookies para mejorar su experiencia de navegaci\u00f3n y ofrecerle un servicio m\u00e1s personalizado. De acuerdo con la normativa vigente en Espa\u00f1a, a continuaci\u00f3n le explicamos qu\u00e9 son las cookies, cu\u00e1les utilizamos y c\u00f3mo puede gestionarlas. \u00bfQu\u00e9 son las cookies? Una cookie es un peque\u00f1o archivo de texto [&hellip;]<\/p>\n","protected":false},"author":1,"featured_media":0,"parent":0,"menu_order":0,"comment_status":"closed","ping_status":"closed","template":"","meta":{"footnotes":""},"class_list":["post-42","page","type-page","status-publish","hentry"],"_links":{"self":[{"href":"https:\/\/dimzaro.click\/index.php?rest_route=\/wp\/v2\/pages\/42","targetHints":{"allow":["GET"]}}],"collection":[{"href":"https:\/\/dimzaro.click\/index.php?rest_route=\/wp\/v2\/pages"}],"about":[{"href":"https:\/\/dimzaro.click\/index.php?rest_route=\/wp\/v2\/types\/page"}],"author":[{"embeddable":true,"href":"https:\/\/dimzaro.click\/index.php?rest_route=\/wp\/v2\/users\/1"}],"replies":[{"embeddable":true,"href":"https:\/\/dimzaro.click\/index.php?rest_route=%2Fwp%2Fv2%2Fcomments&post=42"}],"version-history":[{"count":1,"href":"https:\/\/dimzaro.click\/index.php?rest_route=\/wp\/v2\/pages\/42\/revisions"}],"predecessor-version":[{"id":43,"href":"https:\/\/dimzaro.click\/index.php?rest_route=\/wp\/v2\/pages\/42\/revisions\/43"}],"wp:attachment":[{"href":"https:\/\/dimzaro.click\/index.php?rest_route=%2Fwp%2Fv2%2Fmedia&parent=42"}],"curies":[{"name":"wp","href":"https:\/\/api.w.org\/{rel}","templated":true}]}}