{"id":38,"date":"2026-03-12T14:44:05","date_gmt":"2026-03-12T14:44:05","guid":{"rendered":"https:\/\/dimzaro.click\/?page_id=38"},"modified":"2026-03-12T14:44:07","modified_gmt":"2026-03-12T14:44:07","slug":"aviso-legal","status":"publish","type":"page","link":"https:\/\/dimzaro.click\/?page_id=38","title":{"rendered":"Aviso Legal"},"content":{"rendered":"\n<p><strong>1. Informaci\u00f3n General<\/strong><\/p>\n\n\n\n<p>En cumplimiento de lo previsto en la Ley 34\/2002, de 11 de julio, de Servicios de la Sociedad de la Informaci\u00f3n y de Comercio Electr\u00f3nico (LSSI-CE), se informa a los usuarios que el titular de este sitio web es:<\/p>\n\n\n\n<ul class=\"wp-block-list\">\n<li><strong>Titular:<\/strong> Maria Aranzazu Liceras Gonzalez<\/li>\n\n\n\n<li><strong>NIF:<\/strong> 34100898v<\/li>\n\n\n\n<li><strong>Domicilio Profesional:<\/strong> Carrer de la Selva de Mar, n\u00b0 258, Sant Mart\u00ed, 08020 Barcelona, Espa\u00f1a<\/li>\n\n\n\n<li><strong>Correo electr\u00f3nico:<\/strong> mail@dimzaro.click<\/li>\n\n\n\n<li><strong>Nombre comercial:<\/strong> Dimzaro<\/li>\n<\/ul>\n\n\n\n<p><strong>2. Condiciones de Uso<\/strong><\/p>\n\n\n\n<p>El acceso y navegaci\u00f3n por el sitio web <code>dimzaro.click<\/code> implica la aceptaci\u00f3n plena de las condiciones aqu\u00ed expuestas. El usuario se compromete a realizar un uso l\u00edcito de los contenidos y servicios, absteni\u00e9ndose de cualquier acci\u00f3n que pueda da\u00f1ar, inutilizar o sobrecargar los servidores o sistemas del titular.<\/p>\n\n\n\n<p><strong>3. Propiedad Intelectual<\/strong><\/p>\n\n\n\n<p>Todos los contenidos de este sitio web, incluyendo de forma enunciativa pero no limitativa: dise\u00f1os de jardines, proyectos paisaj\u00edsticos, fotograf\u00edas, textos, logotipos, iconos y c\u00f3digo fuente, son propiedad de Maria Aranzazu Liceras Gonzalez o de terceros que han autorizado su uso. Queda estrictamente prohibida la reproducci\u00f3n total o parcial, distribuci\u00f3n o transformaci\u00f3n de cualquier contenido sin la autorizaci\u00f3n previa y por escrito de la titular.<\/p>\n\n\n\n<p>Cualquier uso no autorizado ser\u00e1 considerado un incumplimiento grave de los derechos de propiedad intelectual del autor.<\/p>\n\n\n\n<p><strong>4. Responsabilidad<\/strong><\/p>\n\n\n\n<p>La titular no se hace responsable de los da\u00f1os y perjuicios que pudieran derivarse de interferencias, omisiones, interrupciones, virus inform\u00e1ticos o desconexioni en el funcionamiento operativo de este sistema electr\u00f3nico, motivados por causas ajenas a su control.<\/p>\n\n\n\n<p>Asimismo, Maria Aranzazu Liceras Gonzalez no asume responsabilidad alguna por los contenidos de los enlaces de terceros que puedan aparecer en el sitio web, cuya funci\u00f3n es puramente informativa.<\/p>\n\n\n\n<p><strong>5. Protecci\u00f3n de Datos<\/strong><\/p>\n\n\n\n<p>El tratamiento de los datos personales que se recojan a trav\u00e9s de este sitio web se regir\u00e1 por la Pol\u00edtica de Privacidad, siempre en cumplimiento con el Reglamento General de Protecci\u00f3n de Datos (RGPD) y la normativa espa\u00f1ola vigente.<\/p>\n\n\n\n<p><strong>6. Legislaci\u00f3n y Jurisdicci\u00f3n<\/strong><\/p>\n\n\n\n<p id=\"p-rc_a2c75c13f069942f-20\">Para la resoluci\u00f3n de todas las controversias o cuestiones relacionadas con el presente sitio web o de las actividades en \u00e9l desarrolladas, ser\u00e1 de aplicaci\u00f3n la legislaci\u00f3n espa\u00f1ola, a la que se someten expresamente las partes, siendo competentes para la resoluci\u00f3n de todos los conflictos derivados o relacionados con su uso los Juzgados y Tribunales de la ciudad <sup><\/sup>de <strong>Barcelona<\/strong>.<sup><\/sup><\/p>\n\n\n\n<p><\/p>\n","protected":false},"excerpt":{"rendered":"<p>1. Informaci\u00f3n General En cumplimiento de lo previsto en la Ley 34\/2002, de 11 de julio, de Servicios de la Sociedad de la Informaci\u00f3n y de Comercio Electr\u00f3nico (LSSI-CE), se informa a los usuarios que el titular de este sitio web es: 2. Condiciones de Uso El acceso y navegaci\u00f3n por el sitio web dimzaro.click [&hellip;]<\/p>\n","protected":false},"author":1,"featured_media":0,"parent":0,"menu_order":0,"comment_status":"closed","ping_status":"closed","template":"","meta":{"footnotes":""},"class_list":["post-38","page","type-page","status-publish","hentry"],"_links":{"self":[{"href":"https:\/\/dimzaro.click\/index.php?rest_route=\/wp\/v2\/pages\/38","targetHints":{"allow":["GET"]}}],"collection":[{"href":"https:\/\/dimzaro.click\/index.php?rest_route=\/wp\/v2\/pages"}],"about":[{"href":"https:\/\/dimzaro.click\/index.php?rest_route=\/wp\/v2\/types\/page"}],"author":[{"embeddable":true,"href":"https:\/\/dimzaro.click\/index.php?rest_route=\/wp\/v2\/users\/1"}],"replies":[{"embeddable":true,"href":"https:\/\/dimzaro.click\/index.php?rest_route=%2Fwp%2Fv2%2Fcomments&post=38"}],"version-history":[{"count":1,"href":"https:\/\/dimzaro.click\/index.php?rest_route=\/wp\/v2\/pages\/38\/revisions"}],"predecessor-version":[{"id":39,"href":"https:\/\/dimzaro.click\/index.php?rest_route=\/wp\/v2\/pages\/38\/revisions\/39"}],"wp:attachment":[{"href":"https:\/\/dimzaro.click\/index.php?rest_route=%2Fwp%2Fv2%2Fmedia&parent=38"}],"curies":[{"name":"wp","href":"https:\/\/api.w.org\/{rel}","templated":true}]}}